{"id":85,"date":"2024-01-16T13:02:15","date_gmt":"2024-01-16T12:02:15","guid":{"rendered":"https:\/\/transformeu.ue.poznan.pl\/?page_id=85"},"modified":"2025-12-08T21:07:00","modified_gmt":"2025-12-08T20:07:00","slug":"seminars","status":"publish","type":"page","link":"https:\/\/transformeu.ue.poznan.pl\/?page_id=85","title":{"rendered":"Seminars"},"content":{"rendered":"\n<div id=\"wp-block-themeisle-blocks-advanced-columns-b540a2f2\" class=\"wp-block-themeisle-blocks-advanced-columns has-2-columns has-desktop-equal-layout has-tablet-equal-layout has-mobile-collapsedRows-layout has-vertical-unset\" data-aos=\"fade\" data-aos-duration=\"950\" data-aos-mirror=\"true\"><div class=\"wp-block-themeisle-blocks-advanced-columns-overlay\"><\/div><div class=\"innerblocks-wrap\">\n<div id=\"wp-block-themeisle-blocks-advanced-column-ddc804c5\" class=\"wp-block-themeisle-blocks-advanced-column\"><div class=\"wp-block-image\">\n<figure class=\"aligncenter size-large is-resized\"><img loading=\"lazy\" decoding=\"async\" width=\"1024\" height=\"663\" src=\"https:\/\/transformeu.ue.poznan.pl\/wp-content\/uploads\/2025\/11\/EU_world_plakat2-1024x663.jpg\" alt=\"\" class=\"wp-image-1497\" style=\"width:492px;height:auto\" srcset=\"https:\/\/transformeu.ue.poznan.pl\/wp-content\/uploads\/2025\/11\/EU_world_plakat2-1024x663.jpg 1024w, https:\/\/transformeu.ue.poznan.pl\/wp-content\/uploads\/2025\/11\/EU_world_plakat2-300x194.jpg 300w, https:\/\/transformeu.ue.poznan.pl\/wp-content\/uploads\/2025\/11\/EU_world_plakat2-768x497.jpg 768w, https:\/\/transformeu.ue.poznan.pl\/wp-content\/uploads\/2025\/11\/EU_world_plakat2.jpg 1200w\" sizes=\"auto, (max-width: 1024px) 100vw, 1024px\" \/><\/figure>\n<\/div><\/div>\n\n\n\n<div id=\"wp-block-themeisle-blocks-advanced-column-9407b3dd\" class=\"wp-block-themeisle-blocks-advanced-column\">\n<p style=\"padding-top:0;padding-right:var(--wp--preset--spacing--20);padding-bottom:0;padding-left:var(--wp--preset--spacing--20);font-size:17px\">The seminar \u201cThe Role of the EU in the World\u201d seeks to enhance understanding of the current and future challenges of the European Union in the context of the twin transition. The initiative aims to generate and disseminate evidence-based knowledge for both policymakers and the wider public.<\/p>\n\n\n\n<div class=\"wp-block-buttons is-layout-flex wp-block-buttons-is-layout-flex\">\n<div class=\"wp-block-button is-style-primary\"><a class=\"wp-block-button__link wp-element-button\" href=\"https:\/\/transformeu.ue.poznan.pl\/?page_id=1499\">READ MORE<\/a><\/div>\n<\/div>\n<\/div>\n<\/div><\/div>\n\n\n\n<div style=\"height:49px\" aria-hidden=\"true\" class=\"wp-block-spacer\"><\/div>\n\n\n\n<div id=\"wp-block-themeisle-blocks-advanced-columns-96af2a0a\" class=\"wp-block-themeisle-blocks-advanced-columns has-2-columns has-desktop-equal-layout has-tablet-equal-layout has-mobile-collapsedRows-layout has-vertical-unset\" data-aos=\"fade\" data-aos-duration=\"1050\" data-aos-mirror=\"true\"><div class=\"wp-block-themeisle-blocks-advanced-columns-overlay\"><\/div><div class=\"innerblocks-wrap\">\n<div id=\"wp-block-themeisle-blocks-advanced-column-047a7463\" class=\"wp-block-themeisle-blocks-advanced-column\">\n<p style=\"padding-top:0;padding-right:var(--wp--preset--spacing--20);padding-bottom:0;padding-left:var(--wp--preset--spacing--20);font-size:17px\">Please join the seminar entitled &#8220;Resilient Society&#8221; which will be held on February 27, 2025, from 11:00 a.m. to 2:00 p.m. at the Pozna\u0144 University of Economics and Business, Al. Niepodleg\u0142o\u015bci 10, in Room 236 A (Building A). This will be a great opportunity to participate in a discussion about the most important issues related to building a resilient society in Europe.<\/p>\n\n\n\n<div class=\"wp-block-buttons is-layout-flex wp-block-buttons-is-layout-flex\">\n<div class=\"wp-block-button is-style-primary\"><a class=\"wp-block-button__link wp-element-button\" href=\"https:\/\/transformeu.ue.poznan.pl\/?page_id=1392\" style=\"padding-right:22px;padding-left:22px\">READ MORE<\/a><\/div>\n<\/div>\n<\/div>\n\n\n\n<div id=\"wp-block-themeisle-blocks-advanced-column-c781ffe3\" class=\"wp-block-themeisle-blocks-advanced-column\"><div class=\"wp-block-image\">\n<figure class=\"aligncenter size-large is-resized\"><img loading=\"lazy\" decoding=\"async\" width=\"1024\" height=\"606\" src=\"https:\/\/transformeu.ue.poznan.pl\/wp-content\/uploads\/2025\/01\/res_soc_poster-1024x606.jpg\" alt=\"\" class=\"wp-image-1390\" style=\"width:492px;height:auto\" srcset=\"https:\/\/transformeu.ue.poznan.pl\/wp-content\/uploads\/2025\/01\/res_soc_poster-1024x606.jpg 1024w, https:\/\/transformeu.ue.poznan.pl\/wp-content\/uploads\/2025\/01\/res_soc_poster-300x178.jpg 300w, https:\/\/transformeu.ue.poznan.pl\/wp-content\/uploads\/2025\/01\/res_soc_poster-768x455.jpg 768w, https:\/\/transformeu.ue.poznan.pl\/wp-content\/uploads\/2025\/01\/res_soc_poster-1536x909.jpg 1536w, https:\/\/transformeu.ue.poznan.pl\/wp-content\/uploads\/2025\/01\/res_soc_poster.jpg 1551w\" sizes=\"auto, (max-width: 1024px) 100vw, 1024px\" \/><\/figure>\n<\/div><\/div>\n<\/div><\/div>\n\n\n\n<div style=\"height:49px\" aria-hidden=\"true\" class=\"wp-block-spacer\"><\/div>\n\n\n\n<div id=\"wp-block-themeisle-blocks-advanced-columns-5b534593\" class=\"wp-block-themeisle-blocks-advanced-columns has-2-columns has-desktop-equal-layout has-tablet-equal-layout has-mobile-collapsedRows-layout has-vertical-unset\" data-aos=\"fade\" data-aos-duration=\"1000\" data-aos-mirror=\"true\"><div class=\"wp-block-themeisle-blocks-advanced-columns-overlay\"><\/div><div class=\"innerblocks-wrap\">\n<div id=\"wp-block-themeisle-blocks-advanced-column-12af0057\" class=\"wp-block-themeisle-blocks-advanced-column\"><div class=\"wp-block-image\">\n<figure class=\"aligncenter size-large is-resized\"><img loading=\"lazy\" decoding=\"async\" width=\"1024\" height=\"600\" src=\"https:\/\/transformeu.ue.poznan.pl\/wp-content\/uploads\/2024\/02\/semn1-1024x600.jpg\" alt=\"\" class=\"wp-image-495\" style=\"width:492px;height:auto\" srcset=\"https:\/\/transformeu.ue.poznan.pl\/wp-content\/uploads\/2024\/02\/semn1-1024x600.jpg 1024w, https:\/\/transformeu.ue.poznan.pl\/wp-content\/uploads\/2024\/02\/semn1-300x176.jpg 300w, https:\/\/transformeu.ue.poznan.pl\/wp-content\/uploads\/2024\/02\/semn1-768x450.jpg 768w, https:\/\/transformeu.ue.poznan.pl\/wp-content\/uploads\/2024\/02\/semn1-1536x900.jpg 1536w, https:\/\/transformeu.ue.poznan.pl\/wp-content\/uploads\/2024\/02\/semn1.jpg 1810w\" sizes=\"auto, (max-width: 1024px) 100vw, 1024px\" \/><\/figure>\n<\/div><\/div>\n\n\n\n<div id=\"wp-block-themeisle-blocks-advanced-column-a97512db\" class=\"wp-block-themeisle-blocks-advanced-column\">\n<p style=\"padding-top:0;padding-right:var(--wp--preset--spacing--20);padding-bottom:0;padding-left:var(--wp--preset--spacing--20);font-size:17px\">A scientific seminar entitled<strong> &#8220;Green and digital transition in the EU&#8221;<\/strong> was held at the Pozna\u0144 University of Economics and Business. It was the first event organized as part of the Jean Monnet Center of Excellence project &#8216;Resilient and transforming Europe&#8217; (TRANSFORM EU).<\/p>\n\n\n\n<div class=\"wp-block-buttons is-layout-flex wp-block-buttons-is-layout-flex\">\n<div class=\"wp-block-button is-style-primary\"><a class=\"wp-block-button__link wp-element-button\" href=\"https:\/\/transformeu.ue.poznan.pl\/?page_id=513\">READ MORE<\/a><\/div>\n<\/div>\n<\/div>\n<\/div><\/div>\n\n\n\n<p><\/p>\n","protected":false},"excerpt":{"rendered":"","protected":false},"author":1,"featured_media":0,"parent":0,"menu_order":0,"comment_status":"closed","ping_status":"closed","template":"","meta":{"neve_meta_sidebar":"","neve_meta_container":"default","neve_meta_enable_content_width":"","neve_meta_content_width":0,"neve_meta_title_alignment":"","neve_meta_author_avatar":"","neve_post_elements_order":"","neve_meta_disable_header":"off","neve_meta_disable_footer":"","neve_meta_disable_title":"off","_themeisle_gutenberg_block_has_review":false,"footnotes":""},"class_list":["post-85","page","type-page","status-publish","hentry"],"_links":{"self":[{"href":"https:\/\/transformeu.ue.poznan.pl\/index.php?rest_route=\/wp\/v2\/pages\/85","targetHints":{"allow":["GET"]}}],"collection":[{"href":"https:\/\/transformeu.ue.poznan.pl\/index.php?rest_route=\/wp\/v2\/pages"}],"about":[{"href":"https:\/\/transformeu.ue.poznan.pl\/index.php?rest_route=\/wp\/v2\/types\/page"}],"author":[{"embeddable":true,"href":"https:\/\/transformeu.ue.poznan.pl\/index.php?rest_route=\/wp\/v2\/users\/1"}],"replies":[{"embeddable":true,"href":"https:\/\/transformeu.ue.poznan.pl\/index.php?rest_route=%2Fwp%2Fv2%2Fcomments&post=85"}],"version-history":[{"count":43,"href":"https:\/\/transformeu.ue.poznan.pl\/index.php?rest_route=\/wp\/v2\/pages\/85\/revisions"}],"predecessor-version":[{"id":1569,"href":"https:\/\/transformeu.ue.poznan.pl\/index.php?rest_route=\/wp\/v2\/pages\/85\/revisions\/1569"}],"wp:attachment":[{"href":"https:\/\/transformeu.ue.poznan.pl\/index.php?rest_route=%2Fwp%2Fv2%2Fmedia&parent=85"}],"curies":[{"name":"wp","href":"https:\/\/api.w.org\/{rel}","templated":true}]}}