{"id":774,"date":"2024-04-29T23:59:56","date_gmt":"2024-04-29T21:59:56","guid":{"rendered":"https:\/\/transformeu.ue.poznan.pl\/?page_id=774"},"modified":"2024-05-08T14:03:52","modified_gmt":"2024-05-08T12:03:52","slug":"plenary-session","status":"publish","type":"page","link":"https:\/\/transformeu.ue.poznan.pl\/?page_id=774","title":{"rendered":"Plenary session"},"content":{"rendered":"\n<div class=\"wp-block-group\"><div class=\"wp-block-group__inner-container is-layout-constrained wp-block-group-is-layout-constrained\">\n<div style=\"height:30px\" aria-hidden=\"true\" class=\"wp-block-spacer\"><\/div>\n<\/div><\/div>\n\n\n\n<div class=\"wp-block-group\"><div class=\"wp-block-group__inner-container is-layout-constrained wp-block-group-is-layout-constrained\">\n<div class=\"wp-block-group\"><div class=\"wp-block-group__inner-container is-layout-constrained wp-block-group-is-layout-constrained\">\n<h4 class=\"wp-block-heading has-text-color has-link-color wp-elements-2b32cb0851731a41f14446c80aacb934\" style=\"color:#c60a0a\">14:00\u201315:30 || Plenary session || Room no. 4.1<\/h4>\n<\/div><\/div>\n<\/div><\/div>\n\n\n\n<div class=\"wp-block-group\"><div class=\"wp-block-group__inner-container is-layout-constrained wp-block-group-is-layout-constrained\">\n<h3 class=\"wp-block-heading has-neve-link-hover-color-color has-text-color has-link-color wp-elements-d8a5279f33b92e5515549545580a3e6a\"><em>Transformation of the European Union and its transformative role in the world (Session in Polish)<\/em><\/h3>\n<\/div><\/div>\n\n\n\n<div class=\"wp-block-group\"><div class=\"wp-block-group__inner-container is-layout-constrained wp-block-group-is-layout-constrained\">\n<hr class=\"wp-block-separator has-text-color has-nv-light-bg-color has-alpha-channel-opacity has-nv-light-bg-background-color has-background\"\/>\n<\/div><\/div>\n\n\n\n<div class=\"wp-block-group\"><div class=\"wp-block-group__inner-container is-layout-constrained wp-block-group-is-layout-constrained\">\n<div class=\"wp-block-columns is-layout-flex wp-container-core-columns-is-layout-9d6595d7 wp-block-columns-is-layout-flex\">\n<div class=\"wp-block-column is-layout-flow wp-block-column-is-layout-flow\" style=\"flex-basis:360px\">\n<h4 class=\"wp-block-heading\">Menkes Jerzy<\/h4>\n\n\n\n<p>Warsaw School of Economics, Poland<\/p>\n<\/div>\n\n\n\n<div class=\"wp-block-column is-layout-flow wp-block-column-is-layout-flow\">\n<p class=\"has-medium-font-size\"><strong><em>Unia Europejska wobec rozpadu mi\u0119dzynarodowego porz\u0105dku gospodarczego<\/em><\/strong><\/p>\n<\/div>\n<\/div>\n<\/div><\/div>\n\n\n\n<div class=\"wp-block-group\"><div class=\"wp-block-group__inner-container is-layout-constrained wp-block-group-is-layout-constrained\">\n<hr class=\"wp-block-separator has-text-color has-nv-light-bg-color has-alpha-channel-opacity has-nv-light-bg-background-color has-background\"\/>\n<\/div><\/div>\n\n\n\n<div class=\"wp-block-group\"><div class=\"wp-block-group__inner-container is-layout-constrained wp-block-group-is-layout-constrained\">\n<div class=\"wp-block-columns is-layout-flex wp-container-core-columns-is-layout-9d6595d7 wp-block-columns-is-layout-flex\">\n<div class=\"wp-block-column is-layout-flow wp-block-column-is-layout-flow\" style=\"flex-basis:360px\">\n<h4 class=\"wp-block-heading\">K\u0142os Agnieszka<\/h4>\n\n\n\n<p>Warsaw School of Economics, Poland<\/p>\n<\/div>\n\n\n\n<div class=\"wp-block-column is-layout-flow wp-block-column-is-layout-flow\">\n<p class=\"has-neve-text-color-color has-text-color has-link-color has-medium-font-size wp-elements-15067b384ec0657aace4081ed9166a99\"><strong><em>Koordynacja polityki fiskalnej w Unii Europejskiej &#8211; dylematy jej egzekwowania<\/em><\/strong><\/p>\n<\/div>\n<\/div>\n<\/div><\/div>\n\n\n\n<div class=\"wp-block-group\"><div class=\"wp-block-group__inner-container is-layout-constrained wp-block-group-is-layout-constrained\">\n<hr class=\"wp-block-separator has-text-color has-nv-light-bg-color has-alpha-channel-opacity has-nv-light-bg-background-color has-background\"\/>\n<\/div><\/div>\n\n\n\n<div class=\"wp-block-group\"><div class=\"wp-block-group__inner-container is-layout-constrained wp-block-group-is-layout-constrained\">\n<div class=\"wp-block-columns is-layout-flex wp-container-core-columns-is-layout-9d6595d7 wp-block-columns-is-layout-flex\">\n<div class=\"wp-block-column is-layout-flow wp-block-column-is-layout-flow\" style=\"flex-basis:360px\">\n<h4 class=\"wp-block-heading\">Falkowski Krzysztof<\/h4>\n\n\n\n<p>Warsaw School of Economics, Poland<\/p>\n<\/div>\n\n\n\n<div class=\"wp-block-column is-layout-flow wp-block-column-is-layout-flow\">\n<p class=\"has-neve-text-color-color has-text-color has-link-color has-medium-font-size wp-elements-328f4e44db55ef24080c72331f733c2b\"><strong><em>Ekoinnowacyjno\u015b\u0107 Unii Europejskiej w kontek\u015bcie realizacji koncepcji zr\u00f3wnowa\u017conego rozwoju<\/em><\/strong><\/p>\n<\/div>\n<\/div>\n<\/div><\/div>\n\n\n\n<div class=\"wp-block-group\"><div class=\"wp-block-group__inner-container is-layout-constrained wp-block-group-is-layout-constrained\">\n<div class=\"wp-block-group\"><div class=\"wp-block-group__inner-container is-layout-constrained wp-block-group-is-layout-constrained\">\n<hr class=\"wp-block-separator has-text-color has-nv-light-bg-color has-alpha-channel-opacity has-nv-light-bg-background-color has-background\"\/>\n<\/div><\/div>\n<\/div><\/div>\n\n\n\n<div class=\"wp-block-group\"><div class=\"wp-block-group__inner-container is-layout-constrained wp-block-group-is-layout-constrained\">\n<div class=\"wp-block-columns is-layout-flex wp-container-core-columns-is-layout-9d6595d7 wp-block-columns-is-layout-flex\">\n<div class=\"wp-block-column is-layout-flow wp-block-column-is-layout-flow\" style=\"flex-basis:360px\">\n<h4 class=\"wp-block-heading\">Stefaniak Joanna<\/h4>\n\n\n\n<p>University of Gda\u0144sk<\/p>\n\n\n\n<h4 class=\"wp-block-heading\">Kuczewska Joanna<\/h4>\n\n\n\n<p>WSB Merito University Pozna\u0144<\/p>\n<\/div>\n\n\n\n<div class=\"wp-block-column is-layout-flow wp-block-column-is-layout-flow\">\n<p class=\"has-neve-text-color-color has-text-color has-link-color has-medium-font-size wp-elements-992fd03e59a38a68cc2bd6492d331813\"><em><strong>Ewolucja rozwoju rynku wewn\u0119trznego Europejskiej<\/strong><\/em><\/p>\n<\/div>\n<\/div>\n<\/div><\/div>\n\n\n\n<div class=\"wp-block-group\"><div class=\"wp-block-group__inner-container is-layout-constrained wp-block-group-is-layout-constrained\">\n<div class=\"wp-block-group\"><div class=\"wp-block-group__inner-container is-layout-constrained wp-block-group-is-layout-constrained\">\n<hr class=\"wp-block-separator has-text-color has-nv-light-bg-color has-alpha-channel-opacity has-nv-light-bg-background-color has-background\"\/>\n<\/div><\/div>\n<\/div><\/div>\n\n\n\n<div class=\"wp-block-group\"><div class=\"wp-block-group__inner-container is-layout-constrained wp-block-group-is-layout-constrained\">\n<div class=\"wp-block-columns is-layout-flex wp-container-core-columns-is-layout-9d6595d7 wp-block-columns-is-layout-flex\">\n<div class=\"wp-block-column is-layout-flow wp-block-column-is-layout-flow\" style=\"flex-basis:360px\">\n<h4 class=\"wp-block-heading\">Czermi\u0144ska Ma\u0142gorzata, Garli\u0144ska-Bielawska Joanna, Ulbrych Marta<\/h4>\n\n\n\n<p>Cracow University of Economics, Poland<\/p>\n<\/div>\n\n\n\n<div class=\"wp-block-column is-layout-flow wp-block-column-is-layout-flow\">\n<p class=\"has-neve-text-color-color has-text-color has-link-color has-medium-font-size wp-elements-0bf701e0d2379069b2f16ad1999bf1ca\"><em><strong>Potencja\u0142 wsp\u00f3\u0142pracy Unii Europejskiej z wybranymi pa\u0144stwami Po\u0142udniowoafryka\u0144skiej Wsp\u00f3lnoty Rozwoju w \u015bwietle umowy o partnerstwie gospodarczym<\/strong><\/em><\/p>\n<\/div>\n<\/div>\n<\/div><\/div>\n\n\n\n<div class=\"wp-block-group\"><div class=\"wp-block-group__inner-container is-layout-constrained wp-block-group-is-layout-constrained\">\n<hr class=\"wp-block-separator has-text-color has-neve-link-hover-color-color has-alpha-channel-opacity has-neve-link-hover-color-background-color has-background is-style-dots\"\/>\n<\/div><\/div>\n\n\n\n<div class=\"wp-block-group\"><div class=\"wp-block-group__inner-container is-layout-constrained wp-block-group-is-layout-constrained\">\n<div class=\"wp-block-columns is-layout-flex wp-container-core-columns-is-layout-9d6595d7 wp-block-columns-is-layout-flex\">\n<div class=\"wp-block-column is-layout-flow wp-block-column-is-layout-flow\">\n<h4 class=\"wp-block-heading\">Chair: Ida Musia\u0142kowska<\/h4>\n\n\n\n<p>Pozna\u0144 University of Economics and Business, Poland<\/p>\n<\/div>\n<\/div>\n<\/div><\/div>\n","protected":false},"excerpt":{"rendered":"<p>14:00\u201315:30 || Plenary session || Room no. 4.1 Transformation of the European Union and its transformative role in the world (Session in Polish) Menkes Jerzy Warsaw School of Economics, Poland Unia Europejska wobec rozpadu mi\u0119dzynarodowego porz\u0105dku gospodarczego K\u0142os Agnieszka Warsaw School of Economics, Poland Koordynacja polityki fiskalnej w Unii Europejskiej &#8211; dylematy jej egzekwowania Falkowski&hellip;&nbsp;<a href=\"https:\/\/transformeu.ue.poznan.pl\/?page_id=774\" rel=\"bookmark\">Read More &raquo;<span class=\"screen-reader-text\">Plenary session<\/span><\/a><\/p>\n","protected":false},"author":1,"featured_media":0,"parent":0,"menu_order":0,"comment_status":"closed","ping_status":"closed","template":"","meta":{"neve_meta_sidebar":"","neve_meta_container":"","neve_meta_enable_content_width":"","neve_meta_content_width":0,"neve_meta_title_alignment":"","neve_meta_author_avatar":"","neve_post_elements_order":"","neve_meta_disable_header":"","neve_meta_disable_footer":"","neve_meta_disable_title":"on","_themeisle_gutenberg_block_has_review":false,"footnotes":""},"class_list":["post-774","page","type-page","status-publish","hentry"],"_links":{"self":[{"href":"https:\/\/transformeu.ue.poznan.pl\/index.php?rest_route=\/wp\/v2\/pages\/774","targetHints":{"allow":["GET"]}}],"collection":[{"href":"https:\/\/transformeu.ue.poznan.pl\/index.php?rest_route=\/wp\/v2\/pages"}],"about":[{"href":"https:\/\/transformeu.ue.poznan.pl\/index.php?rest_route=\/wp\/v2\/types\/page"}],"author":[{"embeddable":true,"href":"https:\/\/transformeu.ue.poznan.pl\/index.php?rest_route=\/wp\/v2\/users\/1"}],"replies":[{"embeddable":true,"href":"https:\/\/transformeu.ue.poznan.pl\/index.php?rest_route=%2Fwp%2Fv2%2Fcomments&post=774"}],"version-history":[{"count":6,"href":"https:\/\/transformeu.ue.poznan.pl\/index.php?rest_route=\/wp\/v2\/pages\/774\/revisions"}],"predecessor-version":[{"id":1004,"href":"https:\/\/transformeu.ue.poznan.pl\/index.php?rest_route=\/wp\/v2\/pages\/774\/revisions\/1004"}],"wp:attachment":[{"href":"https:\/\/transformeu.ue.poznan.pl\/index.php?rest_route=%2Fwp%2Fv2%2Fmedia&parent=774"}],"curies":[{"name":"wp","href":"https:\/\/api.w.org\/{rel}","templated":true}]}}