{"id":766,"date":"2024-04-29T23:58:29","date_gmt":"2024-04-29T21:58:29","guid":{"rendered":"https:\/\/transformeu.ue.poznan.pl\/?page_id=766"},"modified":"2024-05-08T14:01:53","modified_gmt":"2024-05-08T12:01:53","slug":"session-3-1","status":"publish","type":"page","link":"https:\/\/transformeu.ue.poznan.pl\/?page_id=766","title":{"rendered":"Session 3.1"},"content":{"rendered":"\n<div class=\"wp-block-group\"><div class=\"wp-block-group__inner-container is-layout-constrained wp-block-group-is-layout-constrained\">\n<div style=\"height:30px\" aria-hidden=\"true\" class=\"wp-block-spacer\"><\/div>\n<\/div><\/div>\n\n\n\n<div class=\"wp-block-group\"><div class=\"wp-block-group__inner-container is-layout-constrained wp-block-group-is-layout-constrained\">\n<div class=\"wp-block-group\"><div class=\"wp-block-group__inner-container is-layout-constrained wp-block-group-is-layout-constrained\">\n<h4 class=\"wp-block-heading has-text-color has-link-color wp-elements-772f81e4fa5075da41ddc43128b5a242\" style=\"color:#c60a0a\">16:45\u201317:45 || Session || Room no. 236A<\/h4>\n<\/div><\/div>\n<\/div><\/div>\n\n\n\n<div class=\"wp-block-group\"><div class=\"wp-block-group__inner-container is-layout-constrained wp-block-group-is-layout-constrained\">\n<h3 class=\"wp-block-heading has-neve-link-hover-color-color has-text-color has-link-color wp-elements-36f0a9e10e0429f3812750204fa7afdd\"><em>Managing business and social relationships by resilient and sustainable companies<\/em><\/h3>\n<\/div><\/div>\n\n\n\n<div class=\"wp-block-group\"><div class=\"wp-block-group__inner-container is-layout-constrained wp-block-group-is-layout-constrained\">\n<hr class=\"wp-block-separator has-text-color has-nv-light-bg-color has-alpha-channel-opacity has-nv-light-bg-background-color has-background\"\/>\n<\/div><\/div>\n\n\n\n<div class=\"wp-block-group\"><div class=\"wp-block-group__inner-container is-layout-constrained wp-block-group-is-layout-constrained\">\n<div class=\"wp-block-columns is-layout-flex wp-container-core-columns-is-layout-9d6595d7 wp-block-columns-is-layout-flex\">\n<div class=\"wp-block-column is-layout-flow wp-block-column-is-layout-flow\" style=\"flex-basis:360px\">\n<h4 class=\"wp-block-heading\">Nacewska-Twardowska Aleksandra<\/h4>\n\n\n\n<p>University of \u0141\u00f3d\u017a, Poland<\/p>\n<\/div>\n\n\n\n<div class=\"wp-block-column is-layout-flow wp-block-column-is-layout-flow\">\n<p class=\"has-medium-font-size\"><strong><em>Unraveling the Dynamics of Central and Eastern European Countries in the Global Value Added Trade Network: A Social Network Analysis Approach<\/em><\/strong><\/p>\n<\/div>\n<\/div>\n<\/div><\/div>\n\n\n\n<div class=\"wp-block-group\"><div class=\"wp-block-group__inner-container is-layout-constrained wp-block-group-is-layout-constrained\">\n<hr class=\"wp-block-separator has-text-color has-nv-light-bg-color has-alpha-channel-opacity has-nv-light-bg-background-color has-background\"\/>\n<\/div><\/div>\n\n\n\n<div class=\"wp-block-group\"><div class=\"wp-block-group__inner-container is-layout-constrained wp-block-group-is-layout-constrained\">\n<div class=\"wp-block-columns is-layout-flex wp-container-core-columns-is-layout-9d6595d7 wp-block-columns-is-layout-flex\">\n<div class=\"wp-block-column is-layout-flow wp-block-column-is-layout-flow\" style=\"flex-basis:360px\">\n<h4 class=\"wp-block-heading\">Castelli Chiara<\/h4>\n\n\n\n<p>Wiener Institut f\u00fcr Internationale Wirtschaftsvergleiche, Austria<\/p>\n<\/div>\n\n\n\n<div class=\"wp-block-column is-layout-flow wp-block-column-is-layout-flow\">\n<p class=\"has-neve-text-color-color has-text-color has-link-color has-medium-font-size wp-elements-d3416f673c36eb9fdb32b4dc39084c3a\"><strong><em>Understanding the reshoring phenomenon in the EU. Are multinational companies returning home?<\/em><\/strong><\/p>\n<\/div>\n<\/div>\n<\/div><\/div>\n\n\n\n<div class=\"wp-block-group\"><div class=\"wp-block-group__inner-container is-layout-constrained wp-block-group-is-layout-constrained\">\n<div class=\"wp-block-group\"><div class=\"wp-block-group__inner-container is-layout-constrained wp-block-group-is-layout-constrained\">\n<hr class=\"wp-block-separator has-text-color has-nv-light-bg-color has-alpha-channel-opacity has-nv-light-bg-background-color has-background\"\/>\n<\/div><\/div>\n<\/div><\/div>\n\n\n\n<div class=\"wp-block-group\"><div class=\"wp-block-group__inner-container is-layout-constrained wp-block-group-is-layout-constrained\">\n<div class=\"wp-block-columns is-layout-flex wp-container-core-columns-is-layout-9d6595d7 wp-block-columns-is-layout-flex\">\n<div class=\"wp-block-column is-layout-flow wp-block-column-is-layout-flow\" style=\"flex-basis:360px\">\n<h4 class=\"wp-block-heading\">Kuczewska Joanna<\/h4>\n\n\n\n<p>WSB Merito University Pozna\u0144<\/p>\n\n\n\n<h4 class=\"wp-block-heading\">Aleksandra Borowicz<\/h4>\n\n\n\n<p>University of Gda\u0144sk<\/p>\n<\/div>\n\n\n\n<div class=\"wp-block-column is-layout-flow wp-block-column-is-layout-flow\">\n<p class=\"has-neve-text-color-color has-text-color has-link-color has-medium-font-size wp-elements-95ca2e3f58273ab714ac932c952f5f33\"><em><strong>Navigating the digital shift. Examining the benefits and challenges of digital transformation for SMEs in Poland<\/strong><\/em><\/p>\n<\/div>\n<\/div>\n<\/div><\/div>\n\n\n\n<div class=\"wp-block-group\"><div class=\"wp-block-group__inner-container is-layout-constrained wp-block-group-is-layout-constrained\">\n<div class=\"wp-block-group\"><div class=\"wp-block-group__inner-container is-layout-constrained wp-block-group-is-layout-constrained\">\n<hr class=\"wp-block-separator has-text-color has-nv-light-bg-color has-alpha-channel-opacity has-nv-light-bg-background-color has-background\"\/>\n<\/div><\/div>\n<\/div><\/div>\n\n\n\n<div class=\"wp-block-group\"><div class=\"wp-block-group__inner-container is-layout-constrained wp-block-group-is-layout-constrained\">\n<div class=\"wp-block-columns is-layout-flex wp-container-core-columns-is-layout-9d6595d7 wp-block-columns-is-layout-flex\">\n<div class=\"wp-block-column is-layout-flow wp-block-column-is-layout-flow\" style=\"flex-basis:360px\">\n<h4 class=\"wp-block-heading\">Boitan Iustina Alina<\/h4>\n\n\n\n<p>Bucharest University of Economic Studies, Romania<\/p>\n\n\n\n<h4 class=\"wp-block-heading\">Kamilla Marchewka-Bartkowiak<\/h4>\n\n\n\n<p>Poznan University of Economics and Business, Poland<\/p>\n\n\n\n<h4 class=\"wp-block-heading\">Iorgulescu Filip Teodor<\/h4>\n\n\n\n<p>Bucharest University of Economic Studies, Romania<\/p>\n<\/div>\n\n\n\n<div class=\"wp-block-column is-layout-flow wp-block-column-is-layout-flow\">\n<p class=\"has-neve-text-color-color has-text-color has-link-color has-medium-font-size wp-elements-d25ddc15b5fce91a45dbd650248a9b46\"><em><strong>Climate policies and carbon-neutrality transition &#8211; impact assessment on electricity prices across European Union member states<\/strong><\/em><\/p>\n<\/div>\n<\/div>\n<\/div><\/div>\n\n\n\n<div class=\"wp-block-group\"><div class=\"wp-block-group__inner-container is-layout-constrained wp-block-group-is-layout-constrained\">\n<hr class=\"wp-block-separator has-text-color has-neve-link-hover-color-color has-alpha-channel-opacity has-neve-link-hover-color-background-color has-background is-style-dots\"\/>\n<\/div><\/div>\n\n\n\n<div class=\"wp-block-group\"><div class=\"wp-block-group__inner-container is-layout-constrained wp-block-group-is-layout-constrained\">\n<div class=\"wp-block-columns is-layout-flex wp-container-core-columns-is-layout-9d6595d7 wp-block-columns-is-layout-flex\">\n<div class=\"wp-block-column is-layout-flow wp-block-column-is-layout-flow\">\n<h4 class=\"wp-block-heading\">Chair: Pawe\u0142 \u015aliwi\u0144ski<\/h4>\n\n\n\n<p>Pozna\u0144 University of Economics and Business, Poland<\/p>\n<\/div>\n<\/div>\n<\/div><\/div>\n","protected":false},"excerpt":{"rendered":"<p>16:45\u201317:45 || Session || Room no. 236A Managing business and social relationships by resilient and sustainable companies Nacewska-Twardowska Aleksandra University of \u0141\u00f3d\u017a, Poland Unraveling the Dynamics of Central and Eastern European Countries in the Global Value Added Trade Network: A Social Network Analysis Approach Castelli Chiara Wiener Institut f\u00fcr Internationale Wirtschaftsvergleiche, Austria Understanding the reshoring&hellip;&nbsp;<a href=\"https:\/\/transformeu.ue.poznan.pl\/?page_id=766\" rel=\"bookmark\">Read More &raquo;<span class=\"screen-reader-text\">Session 3.1<\/span><\/a><\/p>\n","protected":false},"author":1,"featured_media":0,"parent":0,"menu_order":0,"comment_status":"closed","ping_status":"closed","template":"","meta":{"neve_meta_sidebar":"","neve_meta_container":"","neve_meta_enable_content_width":"","neve_meta_content_width":0,"neve_meta_title_alignment":"","neve_meta_author_avatar":"","neve_post_elements_order":"","neve_meta_disable_header":"","neve_meta_disable_footer":"","neve_meta_disable_title":"on","_themeisle_gutenberg_block_has_review":false,"footnotes":""},"class_list":["post-766","page","type-page","status-publish","hentry"],"_links":{"self":[{"href":"https:\/\/transformeu.ue.poznan.pl\/index.php?rest_route=\/wp\/v2\/pages\/766","targetHints":{"allow":["GET"]}}],"collection":[{"href":"https:\/\/transformeu.ue.poznan.pl\/index.php?rest_route=\/wp\/v2\/pages"}],"about":[{"href":"https:\/\/transformeu.ue.poznan.pl\/index.php?rest_route=\/wp\/v2\/types\/page"}],"author":[{"embeddable":true,"href":"https:\/\/transformeu.ue.poznan.pl\/index.php?rest_route=\/wp\/v2\/users\/1"}],"replies":[{"embeddable":true,"href":"https:\/\/transformeu.ue.poznan.pl\/index.php?rest_route=%2Fwp%2Fv2%2Fcomments&post=766"}],"version-history":[{"count":10,"href":"https:\/\/transformeu.ue.poznan.pl\/index.php?rest_route=\/wp\/v2\/pages\/766\/revisions"}],"predecessor-version":[{"id":1001,"href":"https:\/\/transformeu.ue.poznan.pl\/index.php?rest_route=\/wp\/v2\/pages\/766\/revisions\/1001"}],"wp:attachment":[{"href":"https:\/\/transformeu.ue.poznan.pl\/index.php?rest_route=%2Fwp%2Fv2%2Fmedia&parent=766"}],"curies":[{"name":"wp","href":"https:\/\/api.w.org\/{rel}","templated":true}]}}