{"id":1523,"date":"2025-11-30T22:21:27","date_gmt":"2025-11-30T21:21:27","guid":{"rendered":"https:\/\/transformeu.ue.poznan.pl\/?page_id=1523"},"modified":"2025-11-30T22:26:54","modified_gmt":"2025-11-30T21:26:54","slug":"wyklad-pt-dzialalnosc-dla-zielonej-przyszlosci","status":"publish","type":"page","link":"https:\/\/transformeu.ue.poznan.pl\/?page_id=1523","title":{"rendered":"Wyk\u0142ad pt. &#8220;Dzia\u0142alno\u015b\u0107 dla zielonej przysz\u0142o\u015bci&#8221;"},"content":{"rendered":"\n<div class=\"wp-block-columns is-layout-flex wp-container-core-columns-is-layout-9d6595d7 wp-block-columns-is-layout-flex\">\n<div class=\"wp-block-column is-layout-flow wp-block-column-is-layout-flow\"><div class=\"wp-block-image\">\n<figure class=\"aligncenter size-large\"><img loading=\"lazy\" decoding=\"async\" width=\"1024\" height=\"727\" src=\"https:\/\/transformeu.ue.poznan.pl\/wp-content\/uploads\/2025\/11\/ziel_prz-1024x727.jpg\" alt=\"\" class=\"wp-image-1522\" srcset=\"https:\/\/transformeu.ue.poznan.pl\/wp-content\/uploads\/2025\/11\/ziel_prz-1024x727.jpg 1024w, https:\/\/transformeu.ue.poznan.pl\/wp-content\/uploads\/2025\/11\/ziel_prz-300x213.jpg 300w, https:\/\/transformeu.ue.poznan.pl\/wp-content\/uploads\/2025\/11\/ziel_prz-768x545.jpg 768w, https:\/\/transformeu.ue.poznan.pl\/wp-content\/uploads\/2025\/11\/ziel_prz-1536x1091.jpg 1536w, https:\/\/transformeu.ue.poznan.pl\/wp-content\/uploads\/2025\/11\/ziel_prz.jpg 1753w\" sizes=\"auto, (max-width: 1024px) 100vw, 1024px\" \/><\/figure>\n<\/div>\n\n\n<div style=\"height:51px\" aria-hidden=\"true\" class=\"wp-block-spacer\"><\/div>\n\n\n\n<p>Serdecznie zapraszamy na wyk\u0142ad pt. &#8220;Dzia\u0142alno\u015b\u0107 dla zielonej przysz\u0142o\u015bci&#8221;, kt\u00f3ry wyg\u0142osi p. Michalina Magdziarz z Zak\u0142adu Zagospodarowania Odpad\u00f3w w Poznaniu.<\/p>\n\n\n\n<p><strong>Wyk\u0142ad odb\u0119dzie si\u0119 3 grudnia br. w godz.&nbsp; 8.45-10.15 w sali 1011 Altum oraz online.<\/strong><\/p>\n\n\n\n<p>Wymagana jest rejestracja: <a rel=\"noreferrer noopener\" target=\"_blank\" href=\"https:\/\/docs.google.com\/forms\/d\/1DOjdoEj5nAiNPb-pUFP2-fVcQtNzVIxYh-FX0CDimUU\/edit\">https:\/\/docs.google.com\/forms\/d\/1DOjdoEj5nAiNPb-pUFP2-fVcQtNzVIxYh-FX0CDimUU\/edit<\/a><\/p>\n\n\n\n<p>Link do transmisji zostanie wys\u0142any tu\u017c przed wydarzeniem osobom zarejestrowanym.<\/p>\n\n\n\n<p>W trakcie wyk\u0142adu zostan\u0105 przedstawione g\u0142\u00f3wne obszary dzia\u0142alno\u015bci Zak\u0142adu Zagospodarowania Odpad\u00f3w w Poznaniu. Om\u00f3wione b\u0119dzie funkcjonowanie sk\u0142adowiska odpad\u00f3w, praca biokompostowni wraz z planowan\u0105 sprzeda\u017c\u0105 kompostu, a tak\u017ce rola stacjonarnych i mobilnych punkt\u00f3w selektywnej zbi\u00f3rki odpad\u00f3w w systemie gospodarki komunalnej miasta. Prelegenci zaprezentuj\u0105 r\u00f3wnie\u017c zadania zwi\u0105zane z utrzymaniem i sprz\u0105taniem teren\u00f3w og\u00f3lnodost\u0119pnych Poznania oraz przedstawi\u0105 pozosta\u0142e aktywno\u015bci realizowane przez sp\u00f3\u0142k\u0119.<\/p>\n\n\n\n<p>W drugiej cz\u0119\u015bci wyk\u0142adu zostan\u0105 opisane dzia\u0142ania edukacyjne, kt\u00f3re sp\u00f3\u0142ka b\u0119dzie prowadzi\u0107 lub rozwija\u0107: edukacja podczas wizytacji obiekt\u00f3w, korzystanie ze \u015bcie\u017cek edukacyjnych, prowadzenie zaj\u0119\u0107 i warsztat\u00f3w dla r\u00f3\u017cnych grup odbiorc\u00f3w, a tak\u017ce organizacja wydarze\u0144 oraz akcji o charakterze informacyjno-edukacyjnym. Uczestnicy wydarzenia poznaj\u0105 r\u00f3wnie\u017c portal Edu4Eco, kt\u00f3ry b\u0119dzie pe\u0142ni\u0142 funkcj\u0119 narz\u0119dzia wspieraj\u0105cego popularyzacj\u0119 wiedzy na temat ekologii i prawid\u0142owej gospodarki odpadami.<\/p>\n<\/div>\n<\/div>\n","protected":false},"excerpt":{"rendered":"<p>Serdecznie zapraszamy na wyk\u0142ad pt. &#8220;Dzia\u0142alno\u015b\u0107 dla zielonej przysz\u0142o\u015bci&#8221;, kt\u00f3ry wyg\u0142osi p. Michalina Magdziarz z Zak\u0142adu Zagospodarowania Odpad\u00f3w w Poznaniu. Wyk\u0142ad odb\u0119dzie si\u0119 3 grudnia br. w godz.&nbsp; 8.45-10.15 w sali 1011 Altum oraz online. Wymagana jest rejestracja: https:\/\/docs.google.com\/forms\/d\/1DOjdoEj5nAiNPb-pUFP2-fVcQtNzVIxYh-FX0CDimUU\/edit Link do transmisji zostanie wys\u0142any tu\u017c przed wydarzeniem osobom zarejestrowanym. W trakcie wyk\u0142adu zostan\u0105 przedstawione g\u0142\u00f3wne&hellip;&nbsp;<a href=\"https:\/\/transformeu.ue.poznan.pl\/?page_id=1523\" rel=\"bookmark\">Read More &raquo;<span class=\"screen-reader-text\">Wyk\u0142ad pt. &#8220;Dzia\u0142alno\u015b\u0107 dla zielonej przysz\u0142o\u015bci&#8221;<\/span><\/a><\/p>\n","protected":false},"author":1,"featured_media":0,"parent":0,"menu_order":0,"comment_status":"closed","ping_status":"closed","template":"","meta":{"neve_meta_sidebar":"","neve_meta_container":"","neve_meta_enable_content_width":"","neve_meta_content_width":0,"neve_meta_title_alignment":"","neve_meta_author_avatar":"","neve_post_elements_order":"","neve_meta_disable_header":"","neve_meta_disable_footer":"","neve_meta_disable_title":"","_themeisle_gutenberg_block_has_review":false,"footnotes":""},"class_list":["post-1523","page","type-page","status-publish","hentry"],"_links":{"self":[{"href":"https:\/\/transformeu.ue.poznan.pl\/index.php?rest_route=\/wp\/v2\/pages\/1523","targetHints":{"allow":["GET"]}}],"collection":[{"href":"https:\/\/transformeu.ue.poznan.pl\/index.php?rest_route=\/wp\/v2\/pages"}],"about":[{"href":"https:\/\/transformeu.ue.poznan.pl\/index.php?rest_route=\/wp\/v2\/types\/page"}],"author":[{"embeddable":true,"href":"https:\/\/transformeu.ue.poznan.pl\/index.php?rest_route=\/wp\/v2\/users\/1"}],"replies":[{"embeddable":true,"href":"https:\/\/transformeu.ue.poznan.pl\/index.php?rest_route=%2Fwp%2Fv2%2Fcomments&post=1523"}],"version-history":[{"count":3,"href":"https:\/\/transformeu.ue.poznan.pl\/index.php?rest_route=\/wp\/v2\/pages\/1523\/revisions"}],"predecessor-version":[{"id":1527,"href":"https:\/\/transformeu.ue.poznan.pl\/index.php?rest_route=\/wp\/v2\/pages\/1523\/revisions\/1527"}],"wp:attachment":[{"href":"https:\/\/transformeu.ue.poznan.pl\/index.php?rest_route=%2Fwp%2Fv2%2Fmedia&parent=1523"}],"curies":[{"name":"wp","href":"https:\/\/api.w.org\/{rel}","templated":true}]}}