{"id":1483,"date":"2025-11-04T15:01:44","date_gmt":"2025-11-04T14:01:44","guid":{"rendered":"https:\/\/transformeu.ue.poznan.pl\/?page_id=1483"},"modified":"2025-11-04T15:09:07","modified_gmt":"2025-11-04T14:09:07","slug":"wyklad-gospodarka-algorytmow-transformacja-cyfrowa-tu-i-teraz","status":"publish","type":"page","link":"https:\/\/transformeu.ue.poznan.pl\/?page_id=1483","title":{"rendered":"Lecture 2"},"content":{"rendered":"\n<div class=\"wp-block-columns is-layout-flex wp-container-core-columns-is-layout-9d6595d7 wp-block-columns-is-layout-flex\">\n<div class=\"wp-block-column is-layout-flow wp-block-column-is-layout-flow\">\n<h2 class=\"wp-block-heading\">Wyk\u0142ad \u201eGospodarka algorytm\u00f3w. Transformacja cyfrowa tu i teraz\u201d<\/h2>\n<\/div>\n<\/div>\n\n\n\n<div class=\"wp-block-columns is-layout-flex wp-container-core-columns-is-layout-9d6595d7 wp-block-columns-is-layout-flex\">\n<div class=\"wp-block-column is-layout-flow wp-block-column-is-layout-flow\"><div class=\"wp-block-image\">\n<figure class=\"aligncenter size-large\"><img loading=\"lazy\" decoding=\"async\" width=\"1024\" height=\"536\" src=\"https:\/\/transformeu.ue.poznan.pl\/wp-content\/uploads\/2025\/05\/Wykl_trans_cyfr_MK-1024x536.jpg\" alt=\"\" class=\"wp-image-1463\" srcset=\"https:\/\/transformeu.ue.poznan.pl\/wp-content\/uploads\/2025\/05\/Wykl_trans_cyfr_MK-1024x536.jpg 1024w, https:\/\/transformeu.ue.poznan.pl\/wp-content\/uploads\/2025\/05\/Wykl_trans_cyfr_MK-300x157.jpg 300w, https:\/\/transformeu.ue.poznan.pl\/wp-content\/uploads\/2025\/05\/Wykl_trans_cyfr_MK-768x402.jpg 768w, https:\/\/transformeu.ue.poznan.pl\/wp-content\/uploads\/2025\/05\/Wykl_trans_cyfr_MK.jpg 1200w\" sizes=\"auto, (max-width: 1024px) 100vw, 1024px\" \/><\/figure>\n<\/div><\/div>\n<\/div>\n\n\n\n<div class=\"wp-block-columns is-layout-flex wp-container-core-columns-is-layout-9d6595d7 wp-block-columns-is-layout-flex\">\n<div class=\"wp-block-column is-layout-flow wp-block-column-is-layout-flow\">\n<p>Wyk\u0142ad prof. Marka Kowalkiewicza z Queensland University of Technology zatytu\u0142owany \u201eGospodarka algorytm\u00f3w. Transformacja cyfrowa tu i teraz\u201d by\u0142 fascynuj\u0105c\u0105 opowie\u015bci\u0105 o tym, jak wsp\u00f3\u0142czesny \u015bwiat przechodzi fundamentaln\u0105 przemian\u0119 nap\u0119dzan\u0105 przez sztuczn\u0105 inteligencj\u0119, automatyzacj\u0119 i algorytmy decyzyjne. Profesor rozpocz\u0105\u0142 swoje wyst\u0105pienie od refleksji, \u017ce nie musi ju\u017c m\u00f3wi\u0107 o przysz\u0142o\u015bci, poniewa\u017c rewolucja cyfrowa dokonuje si\u0119 tu i teraz \u2013 w biznesie, administracji, edukacji, a nawet w codziennych czynno\u015bciach ka\u017cdego z nas.<\/p>\n\n\n\n<p>Na licznych przyk\u0142adach pokaza\u0142, jak algorytmy wkraczaj\u0105 do r\u00f3\u017cnych sfer \u017cycia gospodarczego, od prostych narz\u0119dzi automatyzuj\u0105cych powtarzalne zadania po systemy zdolne samodzielnie analizowa\u0107 dane i podejmowa\u0107 decyzje. Wspomnia\u0142 m.in. o pracowniku, kt\u00f3ry w pe\u0142ni zautomatyzowa\u0142 swoje obowi\u0105zki biurowe, o botach prowadz\u0105cych transakcje handlowe w serwisach internetowych oraz o systemach zakupowych u\u017cywanych przez tzw. botter\u00f3w, kupuj\u0105cych produkty w limitowanych edycjach szybciej ni\u017c ludzie. Zjawiska te profesor okre\u015bli\u0142 metaforycznie jako dzia\u0142anie \u201ecyfrowych minionk\u00f3w\u201d \u2013 program\u00f3w pe\u0142nych energii i skuteczno\u015bci, kt\u00f3re jednak, pozbawione odpowiedniego nadzoru, mog\u0105 prowadzi\u0107 do b\u0142\u0119d\u00f3w i nieprzewidywalnych konsekwencji.<\/p>\n\n\n\n<p>Wyk\u0142ad ukaza\u0142 r\u00f3wnie\u017c nowe modele funkcjonowania gospodarki, w kt\u00f3rej algorytmy staj\u0105 si\u0119 autonomicznymi uczestnikami \u017cycia ekonomicznego. Prof. Kowalkiewicz zaproponowa\u0142 koncepcj\u0119 \u201egospodarki algorytm\u00f3w\u201d, w kt\u00f3rej programy komputerowe nie tylko wspomagaj\u0105 ludzi, ale same wchodz\u0105 w interakcje gospodarcze \u2013 kupuj\u0105, sprzedaj\u0105, negocjuj\u0105 i decyduj\u0105 w imieniu u\u017cytkownik\u00f3w lub firm. Wspomnia\u0142 o rosn\u0105cej roli modeli takich jak AI-to-Customer, gdzie to algorytmy, a nie ludzie, staj\u0105 si\u0119 odbiorcami ofert i komunikat\u00f3w marketingowych. Pojawia si\u0119 wi\u0119c zupe\u0142nie nowy obszar dzia\u0142alno\u015bci \u2013 marketing skierowany do algorytm\u00f3w, a nie tylko do konsument\u00f3w.<\/p>\n\n\n\n<p>W trakcie wyst\u0105pienia profesor om\u00f3wi\u0142 te\u017c przyk\u0142ady wsp\u00f3\u0142pracy mi\u0119dzy cz\u0142owiekiem a sztuczn\u0105 inteligencj\u0105 w obszarze projektowania i tw\u00f3rczo\u015bci. Pokaza\u0142, \u017ce AI mo\u017ce sta\u0107 si\u0119 partnerem w procesie kreatywnym, wspieraj\u0105c projektant\u00f3w w opracowywaniu nowych produkt\u00f3w, us\u0142ug czy strategii. Odwo\u0142a\u0142 si\u0119 przy tym do do\u015bwiadcze\u0144 z w\u0142asnych bada\u0144, kt\u00f3re dowodz\u0105, \u017ce du\u017ce modele j\u0119zykowe \u2013 takie jak ChatGPT \u2013 mog\u0105 wykazywa\u0107 wy\u017cszy poziom kreatywno\u015bci ni\u017c cz\u0142owiek, pod warunkiem, \u017ce to cz\u0142owiek nadaje im kierunek dzia\u0142ania i dokonuje ostatecznych wybor\u00f3w.<\/p>\n\n\n\n<p>Kolejnym wa\u017cnym w\u0105tkiem by\u0142a refleksja nad spo\u0142ecznymi i etycznymi konsekwencjami transformacji cyfrowej. Profesor zwr\u00f3ci\u0142 uwag\u0119, \u017ce szybki rozw\u00f3j AI rodzi pytania o kontrol\u0119 nad technologi\u0105, o odpowiedzialno\u015b\u0107 za decyzje podejmowane przez algorytmy, a tak\u017ce o potrzeb\u0119 tworzenia regulacji prawnych. Wskaza\u0142 na inicjatywy Unii Europejskiej \u2013 w tym AI Act \u2013 jako przyk\u0142ady pr\u00f3b zapanowania nad dynamicznie rozwijaj\u0105cym si\u0119 sektorem. Podkre\u015bli\u0142 jednocze\u015bnie, \u017ce wiele dylemat\u00f3w etycznych, przed kt\u00f3rymi stoimy, jest kontynuacj\u0105 problem\u00f3w filozoficznych, o kt\u00f3rych ludzko\u015b\u0107 dyskutuje od tysi\u0119cy lat.<\/p>\n\n\n\n<p>Istotna cz\u0119\u015b\u0107 wyk\u0142adu po\u015bwi\u0119cona by\u0142a kompetencjom przysz\u0142o\u015bci, niezb\u0119dnym w \u015bwiecie gospodarki opartej na algorytmach. W\u015br\u00f3d nich znalaz\u0142y si\u0119: rozumienie zasad dzia\u0142ania sztucznej inteligencji, umiej\u0119tno\u015b\u0107 wsp\u00f3\u0142pracy z narz\u0119dziami AI, analiza danych i podejmowanie decyzji opartych na faktach, \u015bwiadomo\u015b\u0107 zagro\u017ce\u0144 cyfrowych, krytyczne my\u015blenie wobec tre\u015bci generowanych przez technologie oraz podstawy automatyzacji i programowania. Profesor podkre\u015bli\u0142, \u017ce s\u0105 to umiej\u0119tno\u015bci nie tylko dla informatyk\u00f3w, ale dla wszystkich zawod\u00f3w i kierunk\u00f3w studi\u00f3w, poniewa\u017c cyfrowa transformacja dotyczy ca\u0142ej gospodarki.<\/p>\n\n\n\n<p>W ko\u0144cowej cz\u0119\u015bci spotkania odby\u0142a si\u0119 dyskusja z uczestnikami, podczas kt\u00f3rej poruszono kwestie etycznego wykorzystania AI, wp\u0142ywu automatyzacji na rynek pracy oraz wyzwa\u0144 zwi\u0105zanych z edukacj\u0105 os\u00f3b starszych. Profesor Kowalkiewicz zwr\u00f3ci\u0142 uwag\u0119, \u017ce kluczowe jest prowadzenie \u201epracy u podstaw\u201d \u2013 praktyczne pokazywanie, jak technologia mo\u017ce realnie pomaga\u0107 w codziennych obowi\u0105zkach. Tylko w ten spos\u00f3b mo\u017cna budowa\u0107 otwarto\u015b\u0107 i zaufanie wobec nowych narz\u0119dzi.<\/p>\n\n\n\n<p>Podsumowuj\u0105c, wyk\u0142ad by\u0142 kompleksow\u0105 analiz\u0105 zjawiska transformacji cyfrowej, pokazuj\u0105c\u0105, \u017ce \u015bwiat algorytm\u00f3w nie jest odleg\u0142\u0105 wizj\u0105, lecz rzeczywisto\u015bci\u0105, kt\u00f3ra ju\u017c teraz kszta\u0142tuje spos\u00f3b, w jaki pracujemy, uczymy si\u0119 i podejmujemy decyzje. Profesor zako\u0144czy\u0142 wyst\u0105pienie przes\u0142aniem, \u017ce przysz\u0142o\u015b\u0107 nale\u017cy nie do maszyn, ale do ludzi, kt\u00f3rzy potrafi\u0105 je zrozumie\u0107 i m\u0105drze z nich korzysta\u0107.<\/p>\n<\/div>\n<\/div>\n","protected":false},"excerpt":{"rendered":"<p>Wyk\u0142ad \u201eGospodarka algorytm\u00f3w. Transformacja cyfrowa tu i teraz\u201d Wyk\u0142ad prof. Marka Kowalkiewicza z Queensland University of Technology zatytu\u0142owany \u201eGospodarka algorytm\u00f3w. Transformacja cyfrowa tu i teraz\u201d by\u0142 fascynuj\u0105c\u0105 opowie\u015bci\u0105 o tym, jak wsp\u00f3\u0142czesny \u015bwiat przechodzi fundamentaln\u0105 przemian\u0119 nap\u0119dzan\u0105 przez sztuczn\u0105 inteligencj\u0119, automatyzacj\u0119 i algorytmy decyzyjne. Profesor rozpocz\u0105\u0142 swoje wyst\u0105pienie od refleksji, \u017ce nie musi ju\u017c m\u00f3wi\u0107&hellip;&nbsp;<a href=\"https:\/\/transformeu.ue.poznan.pl\/?page_id=1483\" rel=\"bookmark\">Read More &raquo;<span class=\"screen-reader-text\">Lecture 2<\/span><\/a><\/p>\n","protected":false},"author":1,"featured_media":0,"parent":0,"menu_order":0,"comment_status":"closed","ping_status":"closed","template":"","meta":{"neve_meta_sidebar":"","neve_meta_container":"","neve_meta_enable_content_width":"","neve_meta_content_width":0,"neve_meta_title_alignment":"","neve_meta_author_avatar":"","neve_post_elements_order":"","neve_meta_disable_header":"","neve_meta_disable_footer":"","neve_meta_disable_title":"on","_themeisle_gutenberg_block_has_review":false,"footnotes":""},"class_list":["post-1483","page","type-page","status-publish","hentry"],"_links":{"self":[{"href":"https:\/\/transformeu.ue.poznan.pl\/index.php?rest_route=\/wp\/v2\/pages\/1483","targetHints":{"allow":["GET"]}}],"collection":[{"href":"https:\/\/transformeu.ue.poznan.pl\/index.php?rest_route=\/wp\/v2\/pages"}],"about":[{"href":"https:\/\/transformeu.ue.poznan.pl\/index.php?rest_route=\/wp\/v2\/types\/page"}],"author":[{"embeddable":true,"href":"https:\/\/transformeu.ue.poznan.pl\/index.php?rest_route=\/wp\/v2\/users\/1"}],"replies":[{"embeddable":true,"href":"https:\/\/transformeu.ue.poznan.pl\/index.php?rest_route=%2Fwp%2Fv2%2Fcomments&post=1483"}],"version-history":[{"count":3,"href":"https:\/\/transformeu.ue.poznan.pl\/index.php?rest_route=\/wp\/v2\/pages\/1483\/revisions"}],"predecessor-version":[{"id":1489,"href":"https:\/\/transformeu.ue.poznan.pl\/index.php?rest_route=\/wp\/v2\/pages\/1483\/revisions\/1489"}],"wp:attachment":[{"href":"https:\/\/transformeu.ue.poznan.pl\/index.php?rest_route=%2Fwp%2Fv2%2Fmedia&parent=1483"}],"curies":[{"name":"wp","href":"https:\/\/api.w.org\/{rel}","templated":true}]}}