{"id":1361,"date":"2024-11-14T22:06:10","date_gmt":"2024-11-14T21:06:10","guid":{"rendered":"https:\/\/transformeu.ue.poznan.pl\/?page_id=1361"},"modified":"2024-11-14T22:06:10","modified_gmt":"2024-11-14T21:06:10","slug":"jak-mowic-o-zrownowazonym-rozwoju","status":"publish","type":"page","link":"https:\/\/transformeu.ue.poznan.pl\/?page_id=1361","title":{"rendered":"Jak m\u00f3wi\u0107 o zr\u00f3wnowa\u017conym rozwoju"},"content":{"rendered":"\n<div class=\"wp-block-columns is-layout-flex wp-container-core-columns-is-layout-9d6595d7 wp-block-columns-is-layout-flex\">\n<div class=\"wp-block-column is-layout-flow wp-block-column-is-layout-flow\">\n<p>Przewodnik metodyczny \u201e<strong>Jak m\u00f3wi\u0107 o zr\u00f3wnowa\u017conym rozwoju? Scenariusze lekcji dla szk\u00f3\u0142 ponadpodstawowych\u201d<\/strong> ma za zadanie wsparcie nauczycieli chc\u0105cych rozmawia\u0107 z uczniami na tematy zwi\u0105zane z transformacj\u0105 systemu spo\u0142eczno-gospodarczego w kierunku zr\u00f3wnowa\u017conym. Scenariusze poruszaj\u0105 wiele zagadnie\u0144, dzi\u0119ki czemu m\u0142odzi ludzie b\u0119d\u0105 mieli okazj\u0119 zdoby\u0107 wiedz\u0119 z r\u00f3\u017cnych obszar\u00f3w tej z\u0142o\u017conej dziedziny: zielonej i cyfrowej transformacji, odpowiedzialnej konsumpcji \u017cywno\u015bci, gospodarki o obiegu zamkni\u0119tym, idei zero waste. Autorzy podkre\u015blaj\u0105, \u017ce ka\u017cdy mo\u017ce przyczyni\u0107 si\u0119 do koniecznej zmiany i wskazuj\u0105 dost\u0119pne sposoby. Ka\u017cdy scenariusz jest zbudowany wed\u0142ug tego samego schematu u\u0142atwiaj\u0105cego przygotowanie i prowadzenie lekcji: zaczyna si\u0119 od okre\u015blenia cel\u00f3w zaj\u0119\u0107, metod i form pracy, kluczowych poj\u0119\u0107 oraz materia\u0142\u00f3w pomocniczych, kt\u00f3re mo\u017cna zastosowa\u0107 podczas lekcji. Dalej opisany jest proponowany przebieg zaj\u0119\u0107. Na ko\u0144cu ka\u017cdego scenariusza znajduj\u0105 si\u0119 \u017ar\u00f3d\u0142a i przydatne linki oraz materia\u0142y pomocnicze gotowe do wykorzystania podczas lekcji.<\/p>\n\n\n\n<p>Spis tre\u015bci<\/p>\n\n\n\n<p><strong>Wst\u0119p<\/strong><br>(Ida Musia\u0142kowska, Magdalena \u015aliwi\u0144ska)<\/p>\n\n\n\n<p><strong>Og\u00f3lne wskaz\u00f3wki<\/strong><br>(Magdalena \u015aliwi\u0144ska, Ida Musia\u0142kowska)<\/p>\n\n\n\n<p><strong>Scenariusze lekcji<\/strong><\/p>\n\n\n\n<ol class=\"wp-block-list\">\n<li>Europejski Zielony \u0141ad, czyli droga ku neutralno\u015bci klimatycznej<br>(Judyta Caba\u0144ska, Grzegorz Mazur)<\/li>\n\n\n\n<li>Kompetencje przysz\u0142o\u015bci, czyli co musimy umie\u0107 na rynku pracy zaj\u0119tym przez AI<br>(Dorota Czy\u017cewska-Misztal, Piotr Idczak)<\/li>\n\n\n\n<li>Zr\u00f3wnowa\u017cona \u017cywno\u015b\u0107, czyli strategia \u201eod pola do sto\u0142u\u201d<br>(Piotr Idczak, Joanna Witczak, Dorota Czy\u017cewska-Misztal)<\/li>\n\n\n\n<li>Jak zosta\u0107 odpowiedzialnym konsumentem, czyli rola certyfikat\u00f3w zr\u00f3wnowa\u017conego rozwoju<br>(Magdalena \u015aliwi\u0144ska)<\/li>\n\n\n\n<li>Gospodarka o obiegu zamkni\u0119tym, czyli jak wyd\u0142u\u017ca\u0107 cykl \u017cycia produkt\u00f3w<br>(Piotr Idczak, \u0141ukasz D. Wr\u00f3blewski)<\/li>\n\n\n\n<li>Zero waste, czyli \u015brodowisko ratuj\u0119, bo nie marnuj\u0119<br>(Judyta Caba\u0144ska, Dorota Czy\u017cewska-Misztal, Joanna Witczak, Maria Sielicka-R\u00f3\u017cy\u0144ska)<\/li>\n<\/ol>\n\n\n\n<p>\u015aliwi\u0144ska, M. (red.). (2024). <em>Jak m\u00f3wi\u0107 o zr\u00f3wnowa\u017conym rozwoju? Scenariusze lekcji dla szk\u00f3\u0142 ponadpodstawowych.<\/em> Wydawnictwo Uniwersytetu Ekonomicznego w Poznaniu. <a href=\"https:\/\/doi.org\/10.18559\/978-83-8211-235-1\" target=\"_blank\" rel=\"noreferrer noopener\">https:\/\/doi.org\/10.18559\/978-83-8211-235-1<\/a><\/p>\n<\/div>\n<\/div>\n\n\n\n<div class=\"wp-block-columns is-layout-flex wp-container-core-columns-is-layout-9d6595d7 wp-block-columns-is-layout-flex\">\n<div class=\"wp-block-column is-layout-flow wp-block-column-is-layout-flow\">\n<div data-wp-interactive=\"core\/file\" class=\"wp-block-file\"><object data-wp-bind--hidden=\"!state.hasPdfPreview\" hidden class=\"wp-block-file__embed\" data=\"https:\/\/transformeu.ue.poznan.pl\/wp-content\/uploads\/2024\/11\/Jak-mowio-o-zrownowazonym-rozwoju.pdf\" type=\"application\/pdf\" style=\"width:100%;height:600px\" aria-label=\"Embed of Jak mowio o zrownowazonym rozwoju.\"><\/object><a id=\"wp-block-file--media-4f886bdd-e0b4-4dc2-be59-9424a15f0d48\" href=\"https:\/\/transformeu.ue.poznan.pl\/wp-content\/uploads\/2024\/11\/Jak-mowio-o-zrownowazonym-rozwoju.pdf\">Jak mowio o zrownowazonym rozwoju<\/a><a href=\"https:\/\/transformeu.ue.poznan.pl\/wp-content\/uploads\/2024\/11\/Jak-mowio-o-zrownowazonym-rozwoju.pdf\" class=\"wp-block-file__button wp-element-button\" download aria-describedby=\"wp-block-file--media-4f886bdd-e0b4-4dc2-be59-9424a15f0d48\">Pobierz<\/a><\/div>\n<\/div>\n<\/div>\n","protected":false},"excerpt":{"rendered":"<p>Przewodnik metodyczny \u201eJak m\u00f3wi\u0107 o zr\u00f3wnowa\u017conym rozwoju? Scenariusze lekcji dla szk\u00f3\u0142 ponadpodstawowych\u201d ma za zadanie wsparcie nauczycieli chc\u0105cych rozmawia\u0107 z uczniami na tematy zwi\u0105zane z transformacj\u0105 systemu spo\u0142eczno-gospodarczego w kierunku zr\u00f3wnowa\u017conym. Scenariusze poruszaj\u0105 wiele zagadnie\u0144, dzi\u0119ki czemu m\u0142odzi ludzie b\u0119d\u0105 mieli okazj\u0119 zdoby\u0107 wiedz\u0119 z r\u00f3\u017cnych obszar\u00f3w tej z\u0142o\u017conej dziedziny: zielonej i cyfrowej transformacji, odpowiedzialnej&hellip;&nbsp;<a href=\"https:\/\/transformeu.ue.poznan.pl\/?page_id=1361\" rel=\"bookmark\">Read More &raquo;<span class=\"screen-reader-text\">Jak m\u00f3wi\u0107 o zr\u00f3wnowa\u017conym rozwoju<\/span><\/a><\/p>\n","protected":false},"author":1,"featured_media":0,"parent":0,"menu_order":0,"comment_status":"closed","ping_status":"closed","template":"","meta":{"neve_meta_sidebar":"","neve_meta_container":"","neve_meta_enable_content_width":"","neve_meta_content_width":0,"neve_meta_title_alignment":"","neve_meta_author_avatar":"","neve_post_elements_order":"","neve_meta_disable_header":"","neve_meta_disable_footer":"","neve_meta_disable_title":"","_themeisle_gutenberg_block_has_review":false,"footnotes":""},"class_list":["post-1361","page","type-page","status-publish","hentry"],"_links":{"self":[{"href":"https:\/\/transformeu.ue.poznan.pl\/index.php?rest_route=\/wp\/v2\/pages\/1361","targetHints":{"allow":["GET"]}}],"collection":[{"href":"https:\/\/transformeu.ue.poznan.pl\/index.php?rest_route=\/wp\/v2\/pages"}],"about":[{"href":"https:\/\/transformeu.ue.poznan.pl\/index.php?rest_route=\/wp\/v2\/types\/page"}],"author":[{"embeddable":true,"href":"https:\/\/transformeu.ue.poznan.pl\/index.php?rest_route=\/wp\/v2\/users\/1"}],"replies":[{"embeddable":true,"href":"https:\/\/transformeu.ue.poznan.pl\/index.php?rest_route=%2Fwp%2Fv2%2Fcomments&post=1361"}],"version-history":[{"count":1,"href":"https:\/\/transformeu.ue.poznan.pl\/index.php?rest_route=\/wp\/v2\/pages\/1361\/revisions"}],"predecessor-version":[{"id":1363,"href":"https:\/\/transformeu.ue.poznan.pl\/index.php?rest_route=\/wp\/v2\/pages\/1361\/revisions\/1363"}],"wp:attachment":[{"href":"https:\/\/transformeu.ue.poznan.pl\/index.php?rest_route=%2Fwp%2Fv2%2Fmedia&parent=1361"}],"curies":[{"name":"wp","href":"https:\/\/api.w.org\/{rel}","templated":true}]}}