{"id":117,"date":"2024-01-16T13:06:46","date_gmt":"2024-01-16T12:06:46","guid":{"rendered":"https:\/\/transformeu.ue.poznan.pl\/?page_id=117"},"modified":"2026-03-06T01:17:25","modified_gmt":"2026-03-06T00:17:25","slug":"lectures-for-students","status":"publish","type":"page","link":"https:\/\/transformeu.ue.poznan.pl\/?page_id=117","title":{"rendered":"Lectures for students"},"content":{"rendered":"\n<div id=\"wp-block-themeisle-blocks-advanced-columns-c48b16d3\" class=\"wp-block-themeisle-blocks-advanced-columns has-2-columns has-desktop-equal-layout has-tablet-equal-layout has-mobile-collapsedRows-layout has-vertical-unset\"><div class=\"wp-block-themeisle-blocks-advanced-columns-overlay\"><\/div><div class=\"innerblocks-wrap\">\n<div id=\"wp-block-themeisle-blocks-advanced-column-b1e5e427\" class=\"wp-block-themeisle-blocks-advanced-column\"><div class=\"wp-block-image\">\n<figure class=\"aligncenter size-large is-resized\"><img loading=\"lazy\" decoding=\"async\" width=\"1024\" height=\"577\" src=\"https:\/\/transformeu.ue.poznan.pl\/wp-content\/uploads\/2026\/03\/Lec_New_sustain-baner-1024x577.jpg\" alt=\"\" class=\"wp-image-1581\" style=\"width:492px;height:auto\" srcset=\"https:\/\/transformeu.ue.poznan.pl\/wp-content\/uploads\/2026\/03\/Lec_New_sustain-baner-1024x577.jpg 1024w, https:\/\/transformeu.ue.poznan.pl\/wp-content\/uploads\/2026\/03\/Lec_New_sustain-baner-300x169.jpg 300w, https:\/\/transformeu.ue.poznan.pl\/wp-content\/uploads\/2026\/03\/Lec_New_sustain-baner-768x433.jpg 768w, https:\/\/transformeu.ue.poznan.pl\/wp-content\/uploads\/2026\/03\/Lec_New_sustain-baner-1536x865.jpg 1536w, https:\/\/transformeu.ue.poznan.pl\/wp-content\/uploads\/2026\/03\/Lec_New_sustain-baner.jpg 1924w\" sizes=\"auto, (max-width: 1024px) 100vw, 1024px\" \/><\/figure>\n<\/div><\/div>\n\n\n\n<div id=\"wp-block-themeisle-blocks-advanced-column-c5b49354\" class=\"wp-block-themeisle-blocks-advanced-column\">\n<p style=\"padding-top:0;padding-right:var(--wp--preset--spacing--20);padding-bottom:0;padding-left:var(--wp--preset--spacing--20);font-size:17px\">Without confidence in the necessity and the gains of sustainability actions citizens will not engage with behavioural change &#8211; politically or personally. Sustainability clashes with our destructively consumerist global culture, that manipulates and constrains individual agency.<\/p>\n\n\n\n<div class=\"wp-block-buttons is-layout-flex wp-block-buttons-is-layout-flex\">\n<div class=\"wp-block-button is-style-primary\"><a class=\"wp-block-button__link wp-element-button\" href=\"https:\/\/transformeu.ue.poznan.pl\/?page_id=1587\">READ MORE<\/a><\/div>\n<\/div>\n<\/div>\n<\/div><\/div>\n\n\n\n<div style=\"height:91px\" aria-hidden=\"true\" class=\"wp-block-spacer\"><\/div>\n\n\n\n<div id=\"wp-block-themeisle-blocks-advanced-columns-cce17b95\" class=\"wp-block-themeisle-blocks-advanced-columns has-2-columns has-desktop-equal-layout has-tablet-equal-layout has-mobile-collapsedRows-layout has-vertical-unset\"><div class=\"wp-block-themeisle-blocks-advanced-columns-overlay\"><\/div><div class=\"innerblocks-wrap\">\n<div id=\"wp-block-themeisle-blocks-advanced-column-2a822d54\" class=\"wp-block-themeisle-blocks-advanced-column\">\n<p style=\"padding-top:0;padding-right:var(--wp--preset--spacing--20);padding-bottom:0;padding-left:var(--wp--preset--spacing--20);font-size:17px\">Prof. Marek Kowalkiewicz z Queensland University of Technology, w przyst\u0119pny i rzeczowy spos\u00f3b pokaza\u0142, jak algorytmy i sztuczna inteligencja ju\u017c dzi\u015b wp\u0142ywaj\u0105 na gospodark\u0119 oraz nasze codzienne \u017cycie. Bez nadmiernych uproszcze\u0144 i technicznego \u017cargonu wskaza\u0142, kt\u00f3re rozwi\u0105zania rzeczywi\u015bcie dzia\u0142aj\u0105, a kt\u00f3re pozostaj\u0105 jedynie elementem marketingowych narracji o \u201erewolucji AI\u201d.<\/p>\n\n\n\n<div class=\"wp-block-buttons is-horizontal is-content-justification-left is-layout-flex wp-container-core-buttons-is-layout-7e5fce0a wp-block-buttons-is-layout-flex\">\n<div class=\"wp-block-button is-style-primary\"><a class=\"wp-block-button__link wp-element-button\" href=\"https:\/\/transformeu.ue.poznan.pl\/?page_id=1483\">READ MORE<\/a><\/div>\n<\/div>\n<\/div>\n\n\n\n<div id=\"wp-block-themeisle-blocks-advanced-column-1d2c711c\" class=\"wp-block-themeisle-blocks-advanced-column\"><div class=\"wp-block-image\">\n<figure class=\"aligncenter size-large is-resized\"><img loading=\"lazy\" decoding=\"async\" width=\"1024\" height=\"536\" src=\"https:\/\/transformeu.ue.poznan.pl\/wp-content\/uploads\/2025\/05\/Wykl_trans_cyfr_MK-1024x536.jpg\" alt=\"\" class=\"wp-image-1463\" style=\"width:492px;height:auto\" srcset=\"https:\/\/transformeu.ue.poznan.pl\/wp-content\/uploads\/2025\/05\/Wykl_trans_cyfr_MK-1024x536.jpg 1024w, https:\/\/transformeu.ue.poznan.pl\/wp-content\/uploads\/2025\/05\/Wykl_trans_cyfr_MK-300x157.jpg 300w, https:\/\/transformeu.ue.poznan.pl\/wp-content\/uploads\/2025\/05\/Wykl_trans_cyfr_MK-768x402.jpg 768w, https:\/\/transformeu.ue.poznan.pl\/wp-content\/uploads\/2025\/05\/Wykl_trans_cyfr_MK.jpg 1200w\" sizes=\"auto, (max-width: 1024px) 100vw, 1024px\" \/><\/figure>\n<\/div><\/div>\n<\/div><\/div>\n\n\n\n<div style=\"height:91px\" aria-hidden=\"true\" class=\"wp-block-spacer\"><\/div>\n\n\n\n<div id=\"wp-block-themeisle-blocks-advanced-columns-b540a2f2\" class=\"wp-block-themeisle-blocks-advanced-columns has-2-columns has-desktop-equal-layout has-tablet-equal-layout has-mobile-collapsedRows-layout has-vertical-unset\"><div class=\"wp-block-themeisle-blocks-advanced-columns-overlay\"><\/div><div class=\"innerblocks-wrap\">\n<div id=\"wp-block-themeisle-blocks-advanced-column-ddc804c5\" class=\"wp-block-themeisle-blocks-advanced-column\"><div class=\"wp-block-image\">\n<figure class=\"aligncenter size-large is-resized\"><img loading=\"lazy\" decoding=\"async\" width=\"1024\" height=\"574\" src=\"https:\/\/transformeu.ue.poznan.pl\/wp-content\/uploads\/2024\/01\/Plakat_wyklad-_22.01-1024x574.png\" alt=\"\" class=\"wp-image-369\" style=\"width:492px;height:auto\" srcset=\"https:\/\/transformeu.ue.poznan.pl\/wp-content\/uploads\/2024\/01\/Plakat_wyklad-_22.01-1024x574.png 1024w, https:\/\/transformeu.ue.poznan.pl\/wp-content\/uploads\/2024\/01\/Plakat_wyklad-_22.01-300x168.png 300w, https:\/\/transformeu.ue.poznan.pl\/wp-content\/uploads\/2024\/01\/Plakat_wyklad-_22.01-768x431.png 768w, https:\/\/transformeu.ue.poznan.pl\/wp-content\/uploads\/2024\/01\/Plakat_wyklad-_22.01.png 1298w\" sizes=\"auto, (max-width: 1024px) 100vw, 1024px\" \/><\/figure>\n<\/div><\/div>\n\n\n\n<div id=\"wp-block-themeisle-blocks-advanced-column-9407b3dd\" class=\"wp-block-themeisle-blocks-advanced-column\">\n<p style=\"padding-top:0;padding-right:var(--wp--preset--spacing--20);padding-bottom:0;padding-left:var(--wp--preset--spacing--20);font-size:17px\">&#8220;Protecting People and Planet. How Fair Trade Enterprises Contribute to Sustainable Market Transformation&#8221;. It was the first event organized by the Student Scientific Circle of Sustainable Business TRADE FAIR within the framework of Open Lectures.<\/p>\n\n\n\n<div class=\"wp-block-buttons is-layout-flex wp-block-buttons-is-layout-flex\">\n<div class=\"wp-block-button is-style-primary\"><a class=\"wp-block-button__link wp-element-button\" href=\"https:\/\/transformeu.ue.poznan.pl\/?page_id=1037\">READ MORE<\/a><\/div>\n<\/div>\n<\/div>\n<\/div><\/div>\n\n\n\n<div style=\"height:91px\" aria-hidden=\"true\" class=\"wp-block-spacer\"><\/div>\n","protected":false},"excerpt":{"rendered":"","protected":false},"author":1,"featured_media":0,"parent":0,"menu_order":0,"comment_status":"closed","ping_status":"closed","template":"","meta":{"neve_meta_sidebar":"","neve_meta_container":"","neve_meta_enable_content_width":"","neve_meta_content_width":0,"neve_meta_title_alignment":"","neve_meta_author_avatar":"","neve_post_elements_order":"","neve_meta_disable_header":"","neve_meta_disable_footer":"","neve_meta_disable_title":"","_themeisle_gutenberg_block_has_review":false,"footnotes":""},"class_list":["post-117","page","type-page","status-publish","hentry"],"_links":{"self":[{"href":"https:\/\/transformeu.ue.poznan.pl\/index.php?rest_route=\/wp\/v2\/pages\/117","targetHints":{"allow":["GET"]}}],"collection":[{"href":"https:\/\/transformeu.ue.poznan.pl\/index.php?rest_route=\/wp\/v2\/pages"}],"about":[{"href":"https:\/\/transformeu.ue.poznan.pl\/index.php?rest_route=\/wp\/v2\/types\/page"}],"author":[{"embeddable":true,"href":"https:\/\/transformeu.ue.poznan.pl\/index.php?rest_route=\/wp\/v2\/users\/1"}],"replies":[{"embeddable":true,"href":"https:\/\/transformeu.ue.poznan.pl\/index.php?rest_route=%2Fwp%2Fv2%2Fcomments&post=117"}],"version-history":[{"count":13,"href":"https:\/\/transformeu.ue.poznan.pl\/index.php?rest_route=\/wp\/v2\/pages\/117\/revisions"}],"predecessor-version":[{"id":1590,"href":"https:\/\/transformeu.ue.poznan.pl\/index.php?rest_route=\/wp\/v2\/pages\/117\/revisions\/1590"}],"wp:attachment":[{"href":"https:\/\/transformeu.ue.poznan.pl\/index.php?rest_route=%2Fwp%2Fv2%2Fmedia&parent=117"}],"curies":[{"name":"wp","href":"https:\/\/api.w.org\/{rel}","templated":true}]}}