{"id":110,"date":"2024-01-16T13:04:42","date_gmt":"2024-01-16T12:04:42","guid":{"rendered":"https:\/\/transformeu.ue.poznan.pl\/?page_id=110"},"modified":"2024-02-26T11:54:59","modified_gmt":"2024-02-26T10:54:59","slug":"venue-and-accomodation","status":"publish","type":"page","link":"https:\/\/transformeu.ue.poznan.pl\/?page_id=110","title":{"rendered":"Venue and accomodation"},"content":{"rendered":"\n<div id=\"wp-block-themeisle-blocks-advanced-columns-35825447\" class=\"wp-block-themeisle-blocks-advanced-columns alignfull has-2-columns has-desktop-equal-layout has-tablet-equal-layout has-mobile-collapsedRows-layout has-vertical-center ticss-c00aadba\"><div class=\"wp-block-themeisle-blocks-advanced-columns-overlay\"><\/div><div class=\"innerblocks-wrap\">\n<div id=\"wp-block-themeisle-blocks-advanced-column-fedc9d47\" class=\"wp-block-themeisle-blocks-advanced-column\">\n<figure class=\"wp-block-image size-full is-style-default\"><img loading=\"lazy\" decoding=\"async\" width=\"800\" height=\"533\" src=\"https:\/\/transformeu.ue.poznan.pl\/wp-content\/uploads\/2024\/02\/budynek-A-UEP.png\" alt=\"Pozna\u0144 University of Economics and Business\" class=\"wp-image-590\" srcset=\"https:\/\/transformeu.ue.poznan.pl\/wp-content\/uploads\/2024\/02\/budynek-A-UEP.png 800w, https:\/\/transformeu.ue.poznan.pl\/wp-content\/uploads\/2024\/02\/budynek-A-UEP-300x200.png 300w, https:\/\/transformeu.ue.poznan.pl\/wp-content\/uploads\/2024\/02\/budynek-A-UEP-768x512.png 768w\" sizes=\"auto, (max-width: 800px) 100vw, 800px\" \/><\/figure>\n<\/div>\n\n\n\n<div id=\"wp-block-themeisle-blocks-advanced-column-ed1b12ac\" class=\"wp-block-themeisle-blocks-advanced-column\">\n<h2 id=\"wp-block-themeisle-blocks-advanced-heading-8f3ca166\" class=\"wp-block-themeisle-blocks-advanced-heading wp-block-themeisle-blocks-advanced-heading-8f3ca166\">Venue<\/h2>\n\n\n\n<p>The Conference is being held at the Institute of International Business and Economics, Pozna\u0144 University of Economics and Business, Poland.<\/p>\n\n\n\n<p>Sessions and workshops will take place <strong>Building A<\/strong> of the Pozna\u0144 University of Economics and Business.<\/p>\n\n\n\n<p>Address: Aleja Niepodleg\u0142o\u015bci 10, 61-875 Pozna\u0144, Poland<\/p>\n<\/div>\n<\/div><\/div>\n\n\n\n<div id=\"wp-block-themeisle-blocks-advanced-columns-8092ecf5\" class=\"wp-block-themeisle-blocks-advanced-columns alignfull has-2-columns has-desktop-equal-layout has-tablet-equal-layout has-mobile-collapsedRows-layout has-vertical-center ticss-c00aadba\"><div class=\"wp-block-themeisle-blocks-advanced-columns-overlay\"><\/div><div class=\"innerblocks-wrap\">\n<div id=\"wp-block-themeisle-blocks-advanced-column-f6992082\" class=\"wp-block-themeisle-blocks-advanced-column\">\n<h2 id=\"wp-block-themeisle-blocks-advanced-heading-c4311bb1\" class=\"wp-block-themeisle-blocks-advanced-heading wp-block-themeisle-blocks-advanced-heading-c4311bb1\">Location<\/h2>\n\n\n\n<p>The <strong>Building A<\/strong> of the Pozna\u0144 University of Economics and Business is situated just a short walk from Pozna\u0144 Central Station &#8220;Pozna\u0144 G\u0142\u00f3wny&#8221; (main train and bus station). The stroll takes only 10 minutes.<\/p>\n<\/div>\n\n\n\n<div id=\"wp-block-themeisle-blocks-advanced-column-a1181622\" class=\"wp-block-themeisle-blocks-advanced-column\"><div style=\"height:400pxpx;\" class=\"wp-block-themeisle-blocks-leaflet-map\" id=\"wp-block-themeisle-blocks-leaflet-map-dd2b0b57\"><\/div>\n<script type=\"text\/javascript\">\n\t\/* <![CDATA[ *\/\n\t\tif ( ! window.themeisleLeafletMaps ) window.themeisleLeafletMaps =[];\n\t\twindow.themeisleLeafletMaps.push( { container: \"wp-block-themeisle-blocks-leaflet-map-dd2b0b57\", attributes: {\"id\":\"wp-block-themeisle-blocks-leaflet-map-dd2b0b57\",\"latitude\":\"52.40643780509519\",\"longitude\":\"16.91870830269846\",\"bbox\":\"16.912120797357883,52.403819650489496,16.925295808039035,52.40905580432134\",\"zoom\":16,\"markers\":[{\"id\":\"2f4fba2a-49c3-4abc-af22-0ffd11a61efb\",\"latitude\":52.40616290616256,\"longitude\":16.918377138405788,\"title\":\"Pozna\\u0144 Uniwersity of Economics and Business, Aleja Niepodleg\\u0142o\\u015bci 10, 61-875 Pozna\\u0144, Poland\",\"description\":\"\"}],\"location\":\"La Sagrada Familia, Barcelona, Spain\",\"height\":\"400px\",\"zoomControl\":true,\"draggable\":true,\"hasCustomCSS\":false,\"customCSS\":\"\",\"otterConditions\":[]} } );\n\t\/* ]]> *\/\n<\/script>\n<\/div>\n<\/div><\/div>\n\n\n\n<h2 class=\"wp-block-heading\"><\/h2>\n\n\n\n<h2 class=\"wp-block-heading\">Accommodation<\/h2>\n\n\n\n<p>We recommend to book the following hotels<\/p>\n\n\n\n<ol class=\"wp-block-list\">\n<li>Hotel Altus Pozna\u0144 Old Town<br>ul. \u015aw. Marcin 40<br>61-807 Pozna\u0144<br>https:\/\/www.hotelaltus.pl\/<\/li>\n\n\n\n<li>MERCURE POZNAN CENTRUM<br>Ul. Roosevelta 20<br>60-829 Pozna\u0144<br>https:\/\/all.accor.com\/hotel\/3393\/index.pl.shtml<\/li>\n\n\n\n<li>Ibis Pozna\u0144 Centrum<br>Pl. Andersa 1<br>61-898 Pozna\u0144<br>https:\/\/all.accor.com\/hotel\/A9U9\/index.pl.shtml<\/li>\n\n\n\n<li>Hampton by Hilton Pozna\u0144 Old Town<br>ul. \u015awi\u0119ty Marcin 6<br>61-803 Pozna\u0144<br>https:\/\/www.hilton.com\/pl\/hotels\/pozhxhx-hampton-poznan-old-town\/<\/li>\n\n\n\n<li>NH POZNAN<br>Ul. \u015aw. Marcin 6<br>61-806 Pozna\u0144<br>https:\/\/www.nh-hotels.com\/en\/hotel\/nh-poznan<\/li>\n<\/ol>\n","protected":false},"excerpt":{"rendered":"<p>Accommodation We recommend to book the following hotels<\/p>\n","protected":false},"author":1,"featured_media":0,"parent":0,"menu_order":0,"comment_status":"closed","ping_status":"closed","template":"","meta":{"neve_meta_sidebar":"","neve_meta_container":"","neve_meta_enable_content_width":"","neve_meta_content_width":0,"neve_meta_title_alignment":"","neve_meta_author_avatar":"","neve_post_elements_order":"","neve_meta_disable_header":"","neve_meta_disable_footer":"","neve_meta_disable_title":"on","_themeisle_gutenberg_block_has_review":false,"footnotes":""},"class_list":["post-110","page","type-page","status-publish","hentry"],"_links":{"self":[{"href":"https:\/\/transformeu.ue.poznan.pl\/index.php?rest_route=\/wp\/v2\/pages\/110","targetHints":{"allow":["GET"]}}],"collection":[{"href":"https:\/\/transformeu.ue.poznan.pl\/index.php?rest_route=\/wp\/v2\/pages"}],"about":[{"href":"https:\/\/transformeu.ue.poznan.pl\/index.php?rest_route=\/wp\/v2\/types\/page"}],"author":[{"embeddable":true,"href":"https:\/\/transformeu.ue.poznan.pl\/index.php?rest_route=\/wp\/v2\/users\/1"}],"replies":[{"embeddable":true,"href":"https:\/\/transformeu.ue.poznan.pl\/index.php?rest_route=%2Fwp%2Fv2%2Fcomments&post=110"}],"version-history":[{"count":53,"href":"https:\/\/transformeu.ue.poznan.pl\/index.php?rest_route=\/wp\/v2\/pages\/110\/revisions"}],"predecessor-version":[{"id":659,"href":"https:\/\/transformeu.ue.poznan.pl\/index.php?rest_route=\/wp\/v2\/pages\/110\/revisions\/659"}],"wp:attachment":[{"href":"https:\/\/transformeu.ue.poznan.pl\/index.php?rest_route=%2Fwp%2Fv2%2Fmedia&parent=110"}],"curies":[{"name":"wp","href":"https:\/\/api.w.org\/{rel}","templated":true}]}}